{"id":34,"date":"2020-02-10T05:45:19","date_gmt":"2020-02-10T05:45:19","guid":{"rendered":"http:\/\/temporal.cooperativadevinaixa.cat\/?page_id=34"},"modified":"2020-11-13T11:47:56","modified_gmt":"2020-11-13T11:47:56","slug":"politica-de-privacidad","status":"publish","type":"page","link":"https:\/\/jelly2.tllmediasolutions.es\/es\/politica-de-privacidad\/","title":{"rendered":"Pol\u00edtica de privacidad"},"content":{"rendered":"\t\t<div data-elementor-type=\"wp-page\" data-elementor-id=\"34\" class=\"elementor elementor-34\" data-elementor-post-type=\"page\">\n\t\t\t\t\t\t<section class=\"elementor-section elementor-top-section elementor-element elementor-element-097befd elementor-section-stretched elementor-section-full_width elementor-section-height-min-height elementor-section-height-default elementor-section-items-middle elementor-invisible\" data-id=\"097befd\" data-element_type=\"section\" data-e-type=\"section\" data-settings=\"{&quot;stretch_section&quot;:&quot;section-stretched&quot;,&quot;background_background&quot;:&quot;classic&quot;,&quot;animation&quot;:&quot;fadeIn&quot;}\">\n\t\t\t\t\t\t\t<div class=\"elementor-background-overlay\"><\/div>\n\t\t\t\t\t\t\t<div class=\"elementor-container elementor-column-gap-default\">\n\t\t\t\t\t<div class=\"elementor-column elementor-col-100 elementor-top-column elementor-element elementor-element-ebc77ba\" data-id=\"ebc77ba\" data-element_type=\"column\" data-e-type=\"column\">\n\t\t\t<div class=\"elementor-widget-wrap elementor-element-populated\">\n\t\t\t\t\t\t<div class=\"elementor-element elementor-element-3167cfa elementor-invisible elementor-widget elementor-widget-heading\" data-id=\"3167cfa\" data-element_type=\"widget\" data-e-type=\"widget\" data-settings=\"{&quot;_animation&quot;:&quot;fadeInLeft&quot;}\" data-widget_type=\"heading.default\">\n\t\t\t\t<div class=\"elementor-widget-container\">\n\t\t\t\t\t<h1 class=\"elementor-heading-title elementor-size-default\">Pol\u00edtica de privacidad<\/h1>\t\t\t\t<\/div>\n\t\t\t\t<\/div>\n\t\t\t\t\t<\/div>\n\t\t<\/div>\n\t\t\t\t\t<\/div>\n\t\t<\/section>\n\t\t\t\t<section class=\"elementor-section elementor-top-section elementor-element elementor-element-76391e6 elementor-section-boxed elementor-section-height-default elementor-section-height-default\" data-id=\"76391e6\" data-element_type=\"section\" data-e-type=\"section\">\n\t\t\t\t\t\t<div class=\"elementor-container elementor-column-gap-default\">\n\t\t\t\t\t<div class=\"elementor-column elementor-col-100 elementor-top-column elementor-element elementor-element-a02e964\" data-id=\"a02e964\" data-element_type=\"column\" data-e-type=\"column\">\n\t\t\t<div class=\"elementor-widget-wrap elementor-element-populated\">\n\t\t\t\t\t\t<div class=\"elementor-element elementor-element-95f4048 elementor-widget elementor-widget-text-editor\" data-id=\"95f4048\" data-element_type=\"widget\" data-e-type=\"widget\" data-widget_type=\"text-editor.default\">\n\t\t\t\t<div class=\"elementor-widget-container\">\n\t\t\t\t\t\t\t\t\t<ol><li><strong> DATOS DEL RESPONSABLE DEL TRATAMIENTO<\/strong><\/li><\/ol><p>Raz\u00f3n Social: SOC. COOP. DEL\u00a0 CAMP DE VINAIXA, SCCL(en adelante, la \u201cEmpresa\u201d o el \u201cResponsable\u201d).<br \/>CIF: F25004037<br \/>Domicilio: <span><span style=\"font-family: Helvetica, Arial, sans-serif;\">Pla\u00e7a dels Arbres<\/span><\/span> n\u00ba3 \u2013 25440 \u2013 VINAIXA &#8211; LLEIDA<br \/>Tel\u00e9fono:973175309<br \/>Email para comunicaciones en materia de protecci\u00f3n de datos:\u00a0<a style=\"font-size: 1rem; background-color: #ffffff; font-weight: bolder;\" href=\"mailto:info@cooperativadevinaixa.cat\">info@cooperativadevinaixa.cat<\/a><\/p><p><strong>1.1. Normativa aplicable<\/strong><\/p><p>Nuestra Pol\u00edtica de Privacidad se ha dise\u00f1ado de acuerdo con el <strong>Reglamento General de Protecci\u00f3n de Datos de la UE 2016\/679 del Parlamento Europeo<\/strong> y del Consejo, de 27 de abril de 2016, relativo a la protecci\u00f3n de las personas f\u00edsicas en lo en cuanto al tratamiento de datos personales ya la libre circulaci\u00f3n de estos datos y por el que se deroga la Directiva 95\/46 \/ CE (Reglamento general de protecci\u00f3n de datos), y en lo que no contradiga el mencionado Reglamento, por dispuesto en el marco legislativo espa\u00f1ol en materia de protecci\u00f3n de datos de car\u00e1cter personal.<\/p><p>Al facilitar sus datos, Usted declara haber le\u00eddo y conocer la presente Pol\u00edtica de Privacidad, prestando su consentimiento inequ\u00edvoco y expreso al tratamiento de sus datos personales de acuerdo a los fines y t\u00e9rminos aqu\u00ed expresados.<\/p><p>La Empresa podr\u00e1 modificar la presente Pol\u00edtica de Privacidad para adaptarla a las novedades legislativas, jurisprudenciales o de interpretaci\u00f3n de la Agencia Espa\u00f1ola de Protecci\u00f3n de Datos. Estas condiciones de privacidad podr\u00e1n ser complementadas por el Aviso Legal, Pol\u00edtica de Cookies y las condiciones generales que, en su caso, se recojan para determinados productos o servicios, si dicho acceso supone alguna especialidad en materia de protecci\u00f3n de datos de car\u00e1cter personal.<\/p><ol start=\"2\"><li><strong> FINALIDAD DEL TRATAMIENTO DE LOS DATOS PERSONALES<\/strong><\/li><\/ol><p>El tratamiento que realizamos de sus datos personales responde a las siguientes finalidades:<\/p><p>&#8211; Proporcionar informaci\u00f3n relacionada con los productos y servicios que ofrece nuestra empresa y que detallan en este sitio web.<\/p><p>&#8211; Realizar la contrataci\u00f3n de nuestros servicios mediante la aceptaci\u00f3n del correspondiente presupuesto \/ pedido y \/ o la firma de un contrato mercantil.<\/p><p>&#8211; Enviar por correo electr\u00f3nico y \/ o postal las noticias y novedades sobre nuestra entidad, as\u00ed como las actualizaciones de nuestro cat\u00e1logo de productos y servicios.<\/p><p><strong>2.1. Plazo de Conservaci\u00f3n de sus datos<\/strong><\/p><p>Conservaremos sus datos personales desde que nos d\u00e9 su consentimiento hasta que lo revoque o bien solicite la limitaci\u00f3n del tratamiento. En estos casos, mantendremos sus datos de manera bloqueada durante los plazos legalmente exigidos.<\/p><ol start=\"3\"><li><strong> LEGITIMACI\u00d3N Y DATOS RECOGIDA<\/strong><\/li><\/ol><p>La legitimaci\u00f3n para el tratamiento de sus datos es el consentimiento expreso otorgado mediante un acto positivo y afirmativo (rellenar el formulario correspondiente y marcar la casilla de aceptaci\u00f3n de esta pol\u00edtica) en el momento de facilitar sus datos personales.<\/p><p><strong>3.1. Consentimiento para tratar sus datos<\/strong><\/p><p>Al llenar los formularios, marcar la casilla &#8220;Acepto la Pol\u00edtica de Privacidad&#8221; y hacer clic para enviar los datos, o en remitir correos electr\u00f3nicos a la Empresa a trav\u00e9s de las cuentas habilitadas a tal efecto, el Usuario manifiesta haber le\u00eddo y aceptado expresamente la presente pol\u00edtica de privacidad, y otorga su consentimiento inequ\u00edvoco y expreso al tratamiento de sus datos personales conforme a las finalidades indicadas.<\/p><p><strong>3.2. Categor\u00edas de datos<\/strong><\/p><p>Los datos que se recogen se refieren a la categor\u00eda de datos identificativos, como pueden ser: Nombre y apellidos, Tel\u00e9fono, Direcci\u00f3n Postal, Empresa, Correo electr\u00f3nico, as\u00ed como la direcci\u00f3n IP desde donde se accede al formulario de recogida de datos.<\/p><ol start=\"4\"><li><strong> MEDIDAS DE SEGURIDAD<\/strong><\/li><\/ol><p>Dentro de nuestro compromiso para garantizar la seguridad y confidencialidad de sus datos de car\u00e1cter personal, le informamos que se han adoptado las medidas de \u00edndole t\u00e9cnica y organizativas necesarias para garantizar la seguridad de los datos de car\u00e1cter personal y evitar su alteraci\u00f3n, p\u00e9rdida, tratamiento o acceso no autorizado, habida cuenta del estado de la tecnolog\u00eda, la naturaleza de los datos almacenados y los riesgos a que est\u00e9n expuestos, seg\u00fan el Art. 32 del RGPD EU 679\/2016<\/p><ol start=\"5\"><li><strong> CESI\u00d3N DE DATOS<\/strong><\/li><\/ol><p>No se prev\u00e9n cesiones de datos ni transferencias internacionales de sus datos, a excepci\u00f3n de las autorizadas por la legislaci\u00f3n fiscal, mercantil y de telecomunicaciones as\u00ed como en aquellos casos en que una autoridad judicial nos lo requiere<\/p><ol start=\"6\"><li><strong> DERECHOS DEL USUARIO<\/strong><\/li><\/ol><p>Cualquier interesado tiene derecho a obtener confirmaci\u00f3n sobre si estamos tratando datos personales que le conciernan, o no. Los interesados tienen derecho a acceder a sus datos personales, as\u00ed como a solicitar la rectificaci\u00f3n de los datos inexactos o, en su caso, solicitar su supresi\u00f3n cuando, entre otros motivos, los datos ya no sean necesarios para los fines que fueron recogidas. En determinadas circunstancias, los interesados podr\u00e1n solicitar la limitaci\u00f3n del tratamiento de sus datos, en este caso \u00fanicamente los conservaremos para el ejercicio o la defensa de reclamaciones. Por motivos relacionados con su situaci\u00f3n particular, los interesados podr\u00e1n oponerse al tratamiento de sus datos. El responsable del fichero dejar\u00e1 de tratar los datos, excepto por motivos leg\u00edtimos imperiosos, o el ejercicio o la defensa de posibles reclamaciones.<\/p><p>De acuerdo con la legislaci\u00f3n vigente tiene los siguientes derechos: derecho a solicitar el acceso a sus datos personales, derecho a solicitar su rectificaci\u00f3n o supresi\u00f3n, derecho a\u00a0<span style=\"font-size: 1rem;\">solicitar la limitaci\u00f3n de su tratamiento, derecho a oponerse al tratamiento, derecho a la portabilidad de los datos y asimismo, a revocar el consentimiento otorgado.<\/span><\/p><p><strong style=\"font-size: 1rem;\">6.1. Como ejercitar mis derechos<\/strong><\/p><p>Para ejercer sus derechos, debe dirigirse al responsable, solicitando el correspondiente formulario para el ejercicio del derecho elegido. Opcionalmente, puede acudir a la Autoridad de Control competente para obtener informaci\u00f3n adicional sobre sus derechos. Los datos de contacto para el ejercicio de sus derechos son el tel\u00e9fono <strong>973175309<\/strong> y el correo electr\u00f3nico:\u00a0<a style=\"background-color: #ffffff; font-size: 1rem; font-weight: bolder;\" href=\"mailto:info@cooperativadevinaixa.cat\">info@cooperativadevinaixa.cat<\/a>\u00a0<\/p><p>Recordar acompa\u00f1ar una copia de un documento que nos permita identificarlo.<\/p><ol start=\"7\"><li><strong> CONSENTIMIENTO PARA ENV\u00cdO DE COMUNICACIONES ELECTR\u00d3NICAS<\/strong><\/li><\/ol><p>Asimismo, y de acuerdo con lo establecido en la Ley 34\/2002, de 11 de julio, de Servicios de la Sociedad de la Informaci\u00f3n y del Comercio Electr\u00f3nico, completando el formulario de recogida de datos y marcando la correspondiente casilla &#8220;Acepto la env\u00edo de comunicaciones electr\u00f3nicas &#8220;, est\u00e1 otorgando el consentimiento expreso para enviarle a su direcci\u00f3n de correo electr\u00f3nico, tel\u00e9fono, fax u otro medio electr\u00f3nico a env\u00edo de informaci\u00f3n sobre la empresa.<\/p>\t\t\t\t\t\t\t\t<\/div>\n\t\t\t\t<\/div>\n\t\t\t\t\t<\/div>\n\t\t<\/div>\n\t\t\t\t\t<\/div>\n\t\t<\/section>\n\t\t\t\t<\/div>\n\t\t","protected":false},"excerpt":{"rendered":"<p>DATOS DEL RESPONSABLE DEL TRATAMIENTO Raz\u00f3n Social: SOC. COOP. DEL\u00a0 CAMP DE VINAIXA, SCCL(en adelante, la \u201cEmpresa\u201d o el \u201cResponsable\u201d).CIF: F25004037Domicilio: Pla\u00e7a dels Arbres n\u00ba3 \u2013 25440 \u2013 VINAIXA &#8211; LLEIDATel\u00e9fono:973175309Email para comunicaciones en materia de protecci\u00f3n de datos:\u00a0info@cooperativadevinaixa.cat 1.1. Normativa aplicable Nuestra Pol\u00edtica de Privacidad se ha dise\u00f1ado de acuerdo con el Reglamento General [&hellip;]<\/p>\n","protected":false},"author":1,"featured_media":0,"parent":0,"menu_order":0,"comment_status":"closed","ping_status":"closed","template":"","meta":{"footnotes":""},"class_list":["post-34","page","type-page","status-publish","hentry"],"yoast_head":"<!-- This site is optimized with the Yoast SEO plugin v27.5 - https:\/\/yoast.com\/product\/yoast-seo-wordpress\/ -->\n<title>Pol\u00edtica de privacidad - Cooperativa de Vinaixa<\/title>\n<meta name=\"robots\" content=\"index, follow, max-snippet:-1, max-image-preview:large, max-video-preview:-1\" \/>\n<link rel=\"canonical\" href=\"https:\/\/jelly2.tllmediasolutions.es\/es\/politica-de-privacidad\/\" \/>\n<meta property=\"og:locale\" content=\"es_ES\" \/>\n<meta property=\"og:type\" content=\"article\" \/>\n<meta property=\"og:title\" content=\"Pol\u00edtica de privacidad - Cooperativa de Vinaixa\" \/>\n<meta property=\"og:description\" content=\"DATOS DEL RESPONSABLE DEL TRATAMIENTO Raz\u00f3n Social: SOC. COOP. DEL\u00a0 CAMP DE VINAIXA, SCCL(en adelante, la \u201cEmpresa\u201d o el \u201cResponsable\u201d).CIF: F25004037Domicilio: Pla\u00e7a dels Arbres n\u00ba3 \u2013 25440 \u2013 VINAIXA &#8211; LLEIDATel\u00e9fono:973175309Email para comunicaciones en materia de protecci\u00f3n de datos:\u00a0info@cooperativadevinaixa.cat 1.1. Normativa aplicable Nuestra Pol\u00edtica de Privacidad se ha dise\u00f1ado de acuerdo con el Reglamento General [&hellip;]\" \/>\n<meta property=\"og:url\" content=\"https:\/\/jelly2.tllmediasolutions.es\/es\/politica-de-privacidad\/\" \/>\n<meta property=\"og:site_name\" content=\"Cooperativa de Vinaixa\" \/>\n<meta property=\"article:publisher\" content=\"https:\/\/www.facebook.com\/coop.vinaixa\" \/>\n<meta property=\"article:modified_time\" content=\"2020-11-13T11:47:56+00:00\" \/>\n<meta name=\"twitter:card\" content=\"summary_large_image\" \/>\n<meta name=\"twitter:site\" content=\"@OlideVinaixa\" \/>\n<meta name=\"twitter:label1\" content=\"Tiempo de lectura\" \/>\n\t<meta name=\"twitter:data1\" content=\"5 minutos\" \/>\n<script type=\"application\/ld+json\" class=\"yoast-schema-graph\">{\"@context\":\"https:\\\/\\\/schema.org\",\"@graph\":[{\"@type\":\"WebPage\",\"@id\":\"https:\\\/\\\/jelly2.tllmediasolutions.es\\\/es\\\/politica-de-privacidad\\\/\",\"url\":\"https:\\\/\\\/jelly2.tllmediasolutions.es\\\/es\\\/politica-de-privacidad\\\/\",\"name\":\"Pol\u00edtica de privacidad - Cooperativa de Vinaixa\",\"isPartOf\":{\"@id\":\"https:\\\/\\\/jelly2.tllmediasolutions.es\\\/es\\\/#website\"},\"datePublished\":\"2020-02-10T05:45:19+00:00\",\"dateModified\":\"2020-11-13T11:47:56+00:00\",\"breadcrumb\":{\"@id\":\"https:\\\/\\\/jelly2.tllmediasolutions.es\\\/es\\\/politica-de-privacidad\\\/#breadcrumb\"},\"inLanguage\":\"es\",\"potentialAction\":[{\"@type\":\"ReadAction\",\"target\":[\"https:\\\/\\\/jelly2.tllmediasolutions.es\\\/es\\\/politica-de-privacidad\\\/\"]}]},{\"@type\":\"BreadcrumbList\",\"@id\":\"https:\\\/\\\/jelly2.tllmediasolutions.es\\\/es\\\/politica-de-privacidad\\\/#breadcrumb\",\"itemListElement\":[{\"@type\":\"ListItem\",\"position\":1,\"name\":\"Portada\",\"item\":\"https:\\\/\\\/jelly2.tllmediasolutions.es\\\/es\\\/\"},{\"@type\":\"ListItem\",\"position\":2,\"name\":\"Pol\u00edtica de privacidad\"}]},{\"@type\":\"WebSite\",\"@id\":\"https:\\\/\\\/jelly2.tllmediasolutions.es\\\/es\\\/#website\",\"url\":\"https:\\\/\\\/jelly2.tllmediasolutions.es\\\/es\\\/\",\"name\":\"Cooperativa de Vinaixa\",\"description\":\"Des de l&#039;any 1920 per oferir els millors productes nascuts de la nostra terra i t\u00e9 en l&#039;oli d&#039;oliva verge extra el seu m\u00e0xim exponent.\",\"publisher\":{\"@id\":\"https:\\\/\\\/jelly2.tllmediasolutions.es\\\/es\\\/#organization\"},\"potentialAction\":[{\"@type\":\"SearchAction\",\"target\":{\"@type\":\"EntryPoint\",\"urlTemplate\":\"https:\\\/\\\/jelly2.tllmediasolutions.es\\\/es\\\/?s={search_term_string}\"},\"query-input\":{\"@type\":\"PropertyValueSpecification\",\"valueRequired\":true,\"valueName\":\"search_term_string\"}}],\"inLanguage\":\"es\"},{\"@type\":\"Organization\",\"@id\":\"https:\\\/\\\/jelly2.tllmediasolutions.es\\\/es\\\/#organization\",\"name\":\"Cooperativa de Vinaixa\",\"url\":\"https:\\\/\\\/jelly2.tllmediasolutions.es\\\/es\\\/\",\"logo\":{\"@type\":\"ImageObject\",\"inLanguage\":\"es\",\"@id\":\"https:\\\/\\\/jelly2.tllmediasolutions.es\\\/es\\\/#\\\/schema\\\/logo\\\/image\\\/\",\"url\":\"https:\\\/\\\/jelly2.tllmediasolutions.es\\\/wp-content\\\/uploads\\\/2020\\\/02\\\/cooperativa-vinaixa-logo-1.jpg\",\"contentUrl\":\"https:\\\/\\\/jelly2.tllmediasolutions.es\\\/wp-content\\\/uploads\\\/2020\\\/02\\\/cooperativa-vinaixa-logo-1.jpg\",\"width\":324,\"height\":294,\"caption\":\"Cooperativa de Vinaixa\"},\"image\":{\"@id\":\"https:\\\/\\\/jelly2.tllmediasolutions.es\\\/es\\\/#\\\/schema\\\/logo\\\/image\\\/\"},\"sameAs\":[\"https:\\\/\\\/www.facebook.com\\\/coop.vinaixa\",\"https:\\\/\\\/x.com\\\/OlideVinaixa\",\"https:\\\/\\\/www.instagram.com\\\/cooperativadevinaixa\\\/\"]}]}<\/script>\n<!-- \/ Yoast SEO plugin. -->","yoast_head_json":{"title":"Pol\u00edtica de privacidad - Cooperativa de Vinaixa","robots":{"index":"index","follow":"follow","max-snippet":"max-snippet:-1","max-image-preview":"max-image-preview:large","max-video-preview":"max-video-preview:-1"},"canonical":"https:\/\/jelly2.tllmediasolutions.es\/es\/politica-de-privacidad\/","og_locale":"es_ES","og_type":"article","og_title":"Pol\u00edtica de privacidad - Cooperativa de Vinaixa","og_description":"DATOS DEL RESPONSABLE DEL TRATAMIENTO Raz\u00f3n Social: SOC. COOP. DEL\u00a0 CAMP DE VINAIXA, SCCL(en adelante, la \u201cEmpresa\u201d o el \u201cResponsable\u201d).CIF: F25004037Domicilio: Pla\u00e7a dels Arbres n\u00ba3 \u2013 25440 \u2013 VINAIXA &#8211; LLEIDATel\u00e9fono:973175309Email para comunicaciones en materia de protecci\u00f3n de datos:\u00a0info@cooperativadevinaixa.cat 1.1. Normativa aplicable Nuestra Pol\u00edtica de Privacidad se ha dise\u00f1ado de acuerdo con el Reglamento General [&hellip;]","og_url":"https:\/\/jelly2.tllmediasolutions.es\/es\/politica-de-privacidad\/","og_site_name":"Cooperativa de Vinaixa","article_publisher":"https:\/\/www.facebook.com\/coop.vinaixa","article_modified_time":"2020-11-13T11:47:56+00:00","twitter_card":"summary_large_image","twitter_site":"@OlideVinaixa","twitter_misc":{"Tiempo de lectura":"5 minutos"},"schema":{"@context":"https:\/\/schema.org","@graph":[{"@type":"WebPage","@id":"https:\/\/jelly2.tllmediasolutions.es\/es\/politica-de-privacidad\/","url":"https:\/\/jelly2.tllmediasolutions.es\/es\/politica-de-privacidad\/","name":"Pol\u00edtica de privacidad - Cooperativa de Vinaixa","isPartOf":{"@id":"https:\/\/jelly2.tllmediasolutions.es\/es\/#website"},"datePublished":"2020-02-10T05:45:19+00:00","dateModified":"2020-11-13T11:47:56+00:00","breadcrumb":{"@id":"https:\/\/jelly2.tllmediasolutions.es\/es\/politica-de-privacidad\/#breadcrumb"},"inLanguage":"es","potentialAction":[{"@type":"ReadAction","target":["https:\/\/jelly2.tllmediasolutions.es\/es\/politica-de-privacidad\/"]}]},{"@type":"BreadcrumbList","@id":"https:\/\/jelly2.tllmediasolutions.es\/es\/politica-de-privacidad\/#breadcrumb","itemListElement":[{"@type":"ListItem","position":1,"name":"Portada","item":"https:\/\/jelly2.tllmediasolutions.es\/es\/"},{"@type":"ListItem","position":2,"name":"Pol\u00edtica de privacidad"}]},{"@type":"WebSite","@id":"https:\/\/jelly2.tllmediasolutions.es\/es\/#website","url":"https:\/\/jelly2.tllmediasolutions.es\/es\/","name":"Cooperativa de Vinaixa","description":"Des de l&#039;any 1920 per oferir els millors productes nascuts de la nostra terra i t\u00e9 en l&#039;oli d&#039;oliva verge extra el seu m\u00e0xim exponent.","publisher":{"@id":"https:\/\/jelly2.tllmediasolutions.es\/es\/#organization"},"potentialAction":[{"@type":"SearchAction","target":{"@type":"EntryPoint","urlTemplate":"https:\/\/jelly2.tllmediasolutions.es\/es\/?s={search_term_string}"},"query-input":{"@type":"PropertyValueSpecification","valueRequired":true,"valueName":"search_term_string"}}],"inLanguage":"es"},{"@type":"Organization","@id":"https:\/\/jelly2.tllmediasolutions.es\/es\/#organization","name":"Cooperativa de Vinaixa","url":"https:\/\/jelly2.tllmediasolutions.es\/es\/","logo":{"@type":"ImageObject","inLanguage":"es","@id":"https:\/\/jelly2.tllmediasolutions.es\/es\/#\/schema\/logo\/image\/","url":"https:\/\/jelly2.tllmediasolutions.es\/wp-content\/uploads\/2020\/02\/cooperativa-vinaixa-logo-1.jpg","contentUrl":"https:\/\/jelly2.tllmediasolutions.es\/wp-content\/uploads\/2020\/02\/cooperativa-vinaixa-logo-1.jpg","width":324,"height":294,"caption":"Cooperativa de Vinaixa"},"image":{"@id":"https:\/\/jelly2.tllmediasolutions.es\/es\/#\/schema\/logo\/image\/"},"sameAs":["https:\/\/www.facebook.com\/coop.vinaixa","https:\/\/x.com\/OlideVinaixa","https:\/\/www.instagram.com\/cooperativadevinaixa\/"]}]}},"_links":{"self":[{"href":"https:\/\/jelly2.tllmediasolutions.es\/es\/wp-json\/wp\/v2\/pages\/34","targetHints":{"allow":["GET"]}}],"collection":[{"href":"https:\/\/jelly2.tllmediasolutions.es\/es\/wp-json\/wp\/v2\/pages"}],"about":[{"href":"https:\/\/jelly2.tllmediasolutions.es\/es\/wp-json\/wp\/v2\/types\/page"}],"author":[{"embeddable":true,"href":"https:\/\/jelly2.tllmediasolutions.es\/es\/wp-json\/wp\/v2\/users\/1"}],"replies":[{"embeddable":true,"href":"https:\/\/jelly2.tllmediasolutions.es\/es\/wp-json\/wp\/v2\/comments?post=34"}],"version-history":[{"count":0,"href":"https:\/\/jelly2.tllmediasolutions.es\/es\/wp-json\/wp\/v2\/pages\/34\/revisions"}],"wp:attachment":[{"href":"https:\/\/jelly2.tllmediasolutions.es\/es\/wp-json\/wp\/v2\/media?parent=34"}],"curies":[{"name":"wp","href":"https:\/\/api.w.org\/{rel}","templated":true}]}}