{"id":39,"date":"2020-02-10T05:45:57","date_gmt":"2020-02-10T05:45:57","guid":{"rendered":"http:\/\/temporal.cooperativadevinaixa.cat\/?page_id=39"},"modified":"2025-11-26T16:49:01","modified_gmt":"2025-11-26T16:49:01","slug":"condiciones-de-venta","status":"publish","type":"page","link":"https:\/\/jelly2.tllmediasolutions.es\/es\/condiciones-de-venta\/","title":{"rendered":"Condiciones de venta"},"content":{"rendered":"\t\t<div data-elementor-type=\"wp-page\" data-elementor-id=\"39\" class=\"elementor elementor-39\" data-elementor-post-type=\"page\">\n\t\t\t\t\t\t<section class=\"elementor-section elementor-top-section elementor-element elementor-element-bffa767 elementor-section-stretched elementor-section-full_width elementor-section-height-min-height elementor-section-height-default elementor-section-items-middle elementor-invisible\" data-id=\"bffa767\" data-element_type=\"section\" data-e-type=\"section\" data-settings=\"{&quot;stretch_section&quot;:&quot;section-stretched&quot;,&quot;background_background&quot;:&quot;classic&quot;,&quot;animation&quot;:&quot;fadeIn&quot;}\">\n\t\t\t\t\t\t\t<div class=\"elementor-background-overlay\"><\/div>\n\t\t\t\t\t\t\t<div class=\"elementor-container elementor-column-gap-default\">\n\t\t\t\t\t<div class=\"elementor-column elementor-col-100 elementor-top-column elementor-element elementor-element-f70e16c\" data-id=\"f70e16c\" data-element_type=\"column\" data-e-type=\"column\">\n\t\t\t<div class=\"elementor-widget-wrap elementor-element-populated\">\n\t\t\t\t\t\t<div class=\"elementor-element elementor-element-d2d1813 elementor-invisible elementor-widget elementor-widget-heading\" data-id=\"d2d1813\" data-element_type=\"widget\" data-e-type=\"widget\" data-settings=\"{&quot;_animation&quot;:&quot;fadeInLeft&quot;}\" data-widget_type=\"heading.default\">\n\t\t\t\t<div class=\"elementor-widget-container\">\n\t\t\t\t\t<h1 class=\"elementor-heading-title elementor-size-default\">Condiciones de venta<\/h1>\t\t\t\t<\/div>\n\t\t\t\t<\/div>\n\t\t\t\t<div class=\"elementor-element elementor-element-535cfce elementor-invisible elementor-widget elementor-widget-woocommerce-breadcrumb\" data-id=\"535cfce\" data-element_type=\"widget\" data-e-type=\"widget\" data-settings=\"{&quot;_animation&quot;:&quot;fadeInLeft&quot;}\" data-widget_type=\"woocommerce-breadcrumb.default\">\n\t\t\t\t<div class=\"elementor-widget-container\">\n\t\t\t\t\t<nav class=\"woocommerce-breadcrumb\" aria-label=\"Breadcrumb\">Inicio<\/nav>\t\t\t\t<\/div>\n\t\t\t\t<\/div>\n\t\t\t\t\t<\/div>\n\t\t<\/div>\n\t\t\t\t\t<\/div>\n\t\t<\/section>\n\t\t\t\t<section class=\"elementor-section elementor-top-section elementor-element elementor-element-f4a6901 elementor-section-boxed elementor-section-height-default elementor-section-height-default\" data-id=\"f4a6901\" data-element_type=\"section\" data-e-type=\"section\">\n\t\t\t\t\t\t<div class=\"elementor-container elementor-column-gap-default\">\n\t\t\t\t\t<div class=\"elementor-column elementor-col-100 elementor-top-column elementor-element elementor-element-60050c7\" data-id=\"60050c7\" data-element_type=\"column\" data-e-type=\"column\">\n\t\t\t<div class=\"elementor-widget-wrap elementor-element-populated\">\n\t\t\t\t\t\t<div class=\"elementor-element elementor-element-12469f0 elementor-widget-tablet__width-initial elementor-widget elementor-widget-text-editor\" data-id=\"12469f0\" data-element_type=\"widget\" data-e-type=\"widget\" data-widget_type=\"text-editor.default\">\n\t\t\t\t<div class=\"elementor-widget-container\">\n\t\t\t\t\t\t\t\t\t<p>COOPERATIVA DE VINAIXA, se reserva el derecho a dejar de facilitar el acceso, en cualquier momento y sin previo aviso, a cualquiera de los productos ofrecidos en la web por motivos de disponibilidad, temporalidad o modificaciones en el surtido de productos en el servicio de venta online.<\/p><h3>PRECIOS DE LOS PRODUCTOS<\/h3><p>Los precios de nuestros productos incluye su respectivo impuesto I.V.A. y est\u00e1n especificados en la web cooperativadevinaixa.cat apartado.<\/p><p>En todo momento, COOPERATIVA DE VINAIXA velar\u00e1 por disponer de precios actualizados en la p\u00e1gina web y en las aplicaciones para dispositivos m\u00f3viles. Sin embargo, en determinados casos los precios de los productos publicados en la web cooperativadevinaixa.cat podr\u00e1n mostrar variaciones frente a los precios de los productos en los comercios f\u00edsicos.<\/p><h3>POL\u00cdTICA DE SUSTITUCIONES<\/h3><p>COOPERATIVA DE VINAIXA ofrece a sus clientes dos opciones para los casos en que alguno o varios de los productos solicitados por el cliente no se encuentren en stock.<\/p><p>Opci\u00f3n 1: &#8220;No comprar el producto si no est\u00e1 disponible&#8221;. En este caso, se proceder\u00e1 a la devoluci\u00f3n correspondiente al importe pagado de los productos no disponibles.<br \/>Opci\u00f3n 2: &#8220;Recibir una llamada que ofrezca alternativas&#8221;. En este caso, se llamar\u00e1 para informar de los productos no disponibles y que se pueden reemplazar por otros existentes. Se proceder\u00e1 a la devoluci\u00f3n o cargo seg\u00fan corresponda de la diferencia.<\/p><h3>COSTE ENV\u00cdO<\/h3><p><strong>Tarifas de env\u00edo para Pen\u00ednsula (sin IVA)<\/strong><\/p><ul><li>Pedidos de 0 a 10\u202fkg: 8,25\u202f\u20ac<\/li><li>Pedidos de 10 a 20\u202fkg: 8,55\u202f\u20ac<\/li><li>Pedidos de 20 a 30\u202fkg: 12,80\u202f\u20ac<\/li><li>Pedidos de 30 a 40\u202fkg: 17,65\u202f\u20ac<\/li><\/ul><p><strong><em>Pedidos superiores a 40\u202fkg: \u00a1env\u00edo gratuito!<\/em><\/strong><\/p><p><strong>Env\u00edos a Islas y destinos especiales<\/strong><br \/>Para env\u00edos a Islas Baleares, Canarias, Ceuta y Melilla, los costes dependen del destino y volumen. Te invitamos a contactarnos directamente para ofrecerte un presupuesto personalizado y transparente.<\/p><h3>FORMA DE PAGO<\/h3><p>El medio de pago posible son la tarjeta bancaria, transferencia bancaria o PayPal.<\/p><p>Como moneda, s\u00f3lo se acepta el EURO.<\/p><h3>ENTREGA<\/h3><p>Los productos se enviar\u00e1n a la direcci\u00f3n que el cliente haya indicado en el proceso del pedido.<\/p><p>Hay que tener en cuenta que las entregas son efectuadas una vez por semana, por lo que, el tiempo de entrega puede variar en funci\u00f3n del d\u00eda que se haya emitido el encargo.<\/p><p>Los plazos de entrega se respetar\u00e1n siempre que no haya condiciones imprevistas o extraordinarias de fuerza mayor que puedan modificarlo, lo que se comunicar\u00e1 al cliente.<\/p><p>COOPERATIVA DE VINAIXA se reserva el derecho a cancelar cualquier pedido cuando lo considere oportuno, comunicando al Cliente y justificando la decisi\u00f3n de no servir el pedido por causas ajenas a su voluntad o de fuerza mayor, como pueden ser accidentes de tr\u00e1fico, climatolog\u00eda adversa o robos del transporte o de las mercanc\u00edas. En este casos, daremos opci\u00f3n al cliente a recibir un nuevo pedido similar tan pronto se solucionan las causas ajenas.<\/p><p>La validaci\u00f3n del pedido por parte del usuario supone expresamente el conocimiento y aceptaci\u00f3n de las condiciones generales de contrataci\u00f3n publicadas en esta web como parte de la celebraci\u00f3n del contrato.<\/p><h3>DEVOLUCIONES Y RECLAMACIONES<\/h3><p>Las opciones que acepta la empresa como devoluci\u00f3n son s\u00ed:<\/p><p>1) El producto est\u00e1 defectuoso o ha sido da\u00f1ado durante el transporte (se indicar\u00e1 la incidencia al transportista en el momento de recibir el pedido).<\/p><p>2) Producto en mal estado.<\/p><p>El tiempo que dispone para la devoluci\u00f3n es un plazo de 7 d\u00edas h\u00e1biles a partir del d\u00eda de la fecha de recepci\u00f3n del producto por parte del cliente.<\/p><p>En ninguna circunstancia la empresa se har\u00e1 cargo de los productos que est\u00e9n abiertos o manipulados, donde se vea un uso prolongado del producto.<\/p><p>Puede contactar con nosotros a trav\u00e9s del tel\u00e9fono: 973 17 53 09 o v\u00eda correo electr\u00f3nico: <a href=\"mailto:info@cooperativadevinaixa.cat\">info@cooperativadevinaixa.cat<\/a><\/p><p>El horario de atenci\u00f3n al cliente es el mismo de apertura de las instalaciones:<\/p><p><strong>FEBRERO A NOVIEMBRE<\/strong><br \/>Lunes a viernes de 9 a 13 y de 15 a 19h.<br \/>S\u00e1bado de 9 a 13h.<\/p><p><strong>DICIEMBRE A ENERO<\/strong><br \/>Lunes a s\u00e1bado de 9 a 13 y de 15 a 19h.<\/p><p><strong>JULIO Y AGOSTO<\/strong><br \/>TARDES CERRADO<\/p>\t\t\t\t\t\t\t\t<\/div>\n\t\t\t\t<\/div>\n\t\t\t\t\t<\/div>\n\t\t<\/div>\n\t\t\t\t\t<\/div>\n\t\t<\/section>\n\t\t\t\t<\/div>\n\t\t","protected":false},"excerpt":{"rendered":"<p>COOPERATIVA DE VINAIXA, se reserva el derecho a dejar de facilitar el acceso, en cualquier momento y sin previo aviso, a cualquiera de los productos ofrecidos en la web por motivos de disponibilidad, temporalidad o modificaciones en el surtido de productos en el servicio de venta online. PRECIOS DE LOS PRODUCTOS Los precios de nuestros [&hellip;]<\/p>\n","protected":false},"author":1,"featured_media":0,"parent":0,"menu_order":0,"comment_status":"closed","ping_status":"closed","template":"","meta":{"footnotes":""},"class_list":["post-39","page","type-page","status-publish","hentry"],"yoast_head":"<!-- This site is optimized with the Yoast SEO plugin v27.5 - https:\/\/yoast.com\/product\/yoast-seo-wordpress\/ -->\n<title>Condiciones de venta - Cooperativa de Vinaixa<\/title>\n<meta name=\"robots\" content=\"index, follow, max-snippet:-1, max-image-preview:large, max-video-preview:-1\" \/>\n<link rel=\"canonical\" href=\"https:\/\/jelly2.tllmediasolutions.es\/es\/condiciones-de-venta\/\" \/>\n<meta property=\"og:locale\" content=\"es_ES\" \/>\n<meta property=\"og:type\" content=\"article\" \/>\n<meta property=\"og:title\" content=\"Condiciones de venta - Cooperativa de Vinaixa\" \/>\n<meta property=\"og:description\" content=\"COOPERATIVA DE VINAIXA, se reserva el derecho a dejar de facilitar el acceso, en cualquier momento y sin previo aviso, a cualquiera de los productos ofrecidos en la web por motivos de disponibilidad, temporalidad o modificaciones en el surtido de productos en el servicio de venta online. PRECIOS DE LOS PRODUCTOS Los precios de nuestros [&hellip;]\" \/>\n<meta property=\"og:url\" content=\"https:\/\/jelly2.tllmediasolutions.es\/es\/condiciones-de-venta\/\" \/>\n<meta property=\"og:site_name\" content=\"Cooperativa de Vinaixa\" \/>\n<meta property=\"article:publisher\" content=\"https:\/\/www.facebook.com\/coop.vinaixa\" \/>\n<meta property=\"article:modified_time\" content=\"2025-11-26T16:49:01+00:00\" \/>\n<meta name=\"twitter:card\" content=\"summary_large_image\" \/>\n<meta name=\"twitter:site\" content=\"@OlideVinaixa\" \/>\n<meta name=\"twitter:label1\" content=\"Tiempo de lectura\" \/>\n\t<meta name=\"twitter:data1\" content=\"4 minutos\" \/>\n<script type=\"application\/ld+json\" class=\"yoast-schema-graph\">{\"@context\":\"https:\\\/\\\/schema.org\",\"@graph\":[{\"@type\":\"WebPage\",\"@id\":\"https:\\\/\\\/jelly2.tllmediasolutions.es\\\/es\\\/condiciones-de-venta\\\/\",\"url\":\"https:\\\/\\\/jelly2.tllmediasolutions.es\\\/es\\\/condiciones-de-venta\\\/\",\"name\":\"Condiciones de venta - Cooperativa de Vinaixa\",\"isPartOf\":{\"@id\":\"https:\\\/\\\/jelly2.tllmediasolutions.es\\\/es\\\/#website\"},\"datePublished\":\"2020-02-10T05:45:57+00:00\",\"dateModified\":\"2025-11-26T16:49:01+00:00\",\"breadcrumb\":{\"@id\":\"https:\\\/\\\/jelly2.tllmediasolutions.es\\\/es\\\/condiciones-de-venta\\\/#breadcrumb\"},\"inLanguage\":\"es\",\"potentialAction\":[{\"@type\":\"ReadAction\",\"target\":[\"https:\\\/\\\/jelly2.tllmediasolutions.es\\\/es\\\/condiciones-de-venta\\\/\"]}]},{\"@type\":\"BreadcrumbList\",\"@id\":\"https:\\\/\\\/jelly2.tllmediasolutions.es\\\/es\\\/condiciones-de-venta\\\/#breadcrumb\",\"itemListElement\":[{\"@type\":\"ListItem\",\"position\":1,\"name\":\"Portada\",\"item\":\"https:\\\/\\\/jelly2.tllmediasolutions.es\\\/es\\\/\"},{\"@type\":\"ListItem\",\"position\":2,\"name\":\"Condiciones de venta\"}]},{\"@type\":\"WebSite\",\"@id\":\"https:\\\/\\\/jelly2.tllmediasolutions.es\\\/es\\\/#website\",\"url\":\"https:\\\/\\\/jelly2.tllmediasolutions.es\\\/es\\\/\",\"name\":\"Cooperativa de Vinaixa\",\"description\":\"Des de l&#039;any 1920 per oferir els millors productes nascuts de la nostra terra i t\u00e9 en l&#039;oli d&#039;oliva verge extra el seu m\u00e0xim exponent.\",\"publisher\":{\"@id\":\"https:\\\/\\\/jelly2.tllmediasolutions.es\\\/es\\\/#organization\"},\"potentialAction\":[{\"@type\":\"SearchAction\",\"target\":{\"@type\":\"EntryPoint\",\"urlTemplate\":\"https:\\\/\\\/jelly2.tllmediasolutions.es\\\/es\\\/?s={search_term_string}\"},\"query-input\":{\"@type\":\"PropertyValueSpecification\",\"valueRequired\":true,\"valueName\":\"search_term_string\"}}],\"inLanguage\":\"es\"},{\"@type\":\"Organization\",\"@id\":\"https:\\\/\\\/jelly2.tllmediasolutions.es\\\/es\\\/#organization\",\"name\":\"Cooperativa de Vinaixa\",\"url\":\"https:\\\/\\\/jelly2.tllmediasolutions.es\\\/es\\\/\",\"logo\":{\"@type\":\"ImageObject\",\"inLanguage\":\"es\",\"@id\":\"https:\\\/\\\/jelly2.tllmediasolutions.es\\\/es\\\/#\\\/schema\\\/logo\\\/image\\\/\",\"url\":\"https:\\\/\\\/jelly2.tllmediasolutions.es\\\/wp-content\\\/uploads\\\/2020\\\/02\\\/cooperativa-vinaixa-logo-1.jpg\",\"contentUrl\":\"https:\\\/\\\/jelly2.tllmediasolutions.es\\\/wp-content\\\/uploads\\\/2020\\\/02\\\/cooperativa-vinaixa-logo-1.jpg\",\"width\":324,\"height\":294,\"caption\":\"Cooperativa de Vinaixa\"},\"image\":{\"@id\":\"https:\\\/\\\/jelly2.tllmediasolutions.es\\\/es\\\/#\\\/schema\\\/logo\\\/image\\\/\"},\"sameAs\":[\"https:\\\/\\\/www.facebook.com\\\/coop.vinaixa\",\"https:\\\/\\\/x.com\\\/OlideVinaixa\",\"https:\\\/\\\/www.instagram.com\\\/cooperativadevinaixa\\\/\"]}]}<\/script>\n<!-- \/ Yoast SEO plugin. -->","yoast_head_json":{"title":"Condiciones de venta - Cooperativa de Vinaixa","robots":{"index":"index","follow":"follow","max-snippet":"max-snippet:-1","max-image-preview":"max-image-preview:large","max-video-preview":"max-video-preview:-1"},"canonical":"https:\/\/jelly2.tllmediasolutions.es\/es\/condiciones-de-venta\/","og_locale":"es_ES","og_type":"article","og_title":"Condiciones de venta - Cooperativa de Vinaixa","og_description":"COOPERATIVA DE VINAIXA, se reserva el derecho a dejar de facilitar el acceso, en cualquier momento y sin previo aviso, a cualquiera de los productos ofrecidos en la web por motivos de disponibilidad, temporalidad o modificaciones en el surtido de productos en el servicio de venta online. PRECIOS DE LOS PRODUCTOS Los precios de nuestros [&hellip;]","og_url":"https:\/\/jelly2.tllmediasolutions.es\/es\/condiciones-de-venta\/","og_site_name":"Cooperativa de Vinaixa","article_publisher":"https:\/\/www.facebook.com\/coop.vinaixa","article_modified_time":"2025-11-26T16:49:01+00:00","twitter_card":"summary_large_image","twitter_site":"@OlideVinaixa","twitter_misc":{"Tiempo de lectura":"4 minutos"},"schema":{"@context":"https:\/\/schema.org","@graph":[{"@type":"WebPage","@id":"https:\/\/jelly2.tllmediasolutions.es\/es\/condiciones-de-venta\/","url":"https:\/\/jelly2.tllmediasolutions.es\/es\/condiciones-de-venta\/","name":"Condiciones de venta - Cooperativa de Vinaixa","isPartOf":{"@id":"https:\/\/jelly2.tllmediasolutions.es\/es\/#website"},"datePublished":"2020-02-10T05:45:57+00:00","dateModified":"2025-11-26T16:49:01+00:00","breadcrumb":{"@id":"https:\/\/jelly2.tllmediasolutions.es\/es\/condiciones-de-venta\/#breadcrumb"},"inLanguage":"es","potentialAction":[{"@type":"ReadAction","target":["https:\/\/jelly2.tllmediasolutions.es\/es\/condiciones-de-venta\/"]}]},{"@type":"BreadcrumbList","@id":"https:\/\/jelly2.tllmediasolutions.es\/es\/condiciones-de-venta\/#breadcrumb","itemListElement":[{"@type":"ListItem","position":1,"name":"Portada","item":"https:\/\/jelly2.tllmediasolutions.es\/es\/"},{"@type":"ListItem","position":2,"name":"Condiciones de venta"}]},{"@type":"WebSite","@id":"https:\/\/jelly2.tllmediasolutions.es\/es\/#website","url":"https:\/\/jelly2.tllmediasolutions.es\/es\/","name":"Cooperativa de Vinaixa","description":"Des de l&#039;any 1920 per oferir els millors productes nascuts de la nostra terra i t\u00e9 en l&#039;oli d&#039;oliva verge extra el seu m\u00e0xim exponent.","publisher":{"@id":"https:\/\/jelly2.tllmediasolutions.es\/es\/#organization"},"potentialAction":[{"@type":"SearchAction","target":{"@type":"EntryPoint","urlTemplate":"https:\/\/jelly2.tllmediasolutions.es\/es\/?s={search_term_string}"},"query-input":{"@type":"PropertyValueSpecification","valueRequired":true,"valueName":"search_term_string"}}],"inLanguage":"es"},{"@type":"Organization","@id":"https:\/\/jelly2.tllmediasolutions.es\/es\/#organization","name":"Cooperativa de Vinaixa","url":"https:\/\/jelly2.tllmediasolutions.es\/es\/","logo":{"@type":"ImageObject","inLanguage":"es","@id":"https:\/\/jelly2.tllmediasolutions.es\/es\/#\/schema\/logo\/image\/","url":"https:\/\/jelly2.tllmediasolutions.es\/wp-content\/uploads\/2020\/02\/cooperativa-vinaixa-logo-1.jpg","contentUrl":"https:\/\/jelly2.tllmediasolutions.es\/wp-content\/uploads\/2020\/02\/cooperativa-vinaixa-logo-1.jpg","width":324,"height":294,"caption":"Cooperativa de Vinaixa"},"image":{"@id":"https:\/\/jelly2.tllmediasolutions.es\/es\/#\/schema\/logo\/image\/"},"sameAs":["https:\/\/www.facebook.com\/coop.vinaixa","https:\/\/x.com\/OlideVinaixa","https:\/\/www.instagram.com\/cooperativadevinaixa\/"]}]}},"_links":{"self":[{"href":"https:\/\/jelly2.tllmediasolutions.es\/es\/wp-json\/wp\/v2\/pages\/39","targetHints":{"allow":["GET"]}}],"collection":[{"href":"https:\/\/jelly2.tllmediasolutions.es\/es\/wp-json\/wp\/v2\/pages"}],"about":[{"href":"https:\/\/jelly2.tllmediasolutions.es\/es\/wp-json\/wp\/v2\/types\/page"}],"author":[{"embeddable":true,"href":"https:\/\/jelly2.tllmediasolutions.es\/es\/wp-json\/wp\/v2\/users\/1"}],"replies":[{"embeddable":true,"href":"https:\/\/jelly2.tllmediasolutions.es\/es\/wp-json\/wp\/v2\/comments?post=39"}],"version-history":[{"count":12,"href":"https:\/\/jelly2.tllmediasolutions.es\/es\/wp-json\/wp\/v2\/pages\/39\/revisions"}],"predecessor-version":[{"id":5806,"href":"https:\/\/jelly2.tllmediasolutions.es\/es\/wp-json\/wp\/v2\/pages\/39\/revisions\/5806"}],"wp:attachment":[{"href":"https:\/\/jelly2.tllmediasolutions.es\/es\/wp-json\/wp\/v2\/media?parent=39"}],"curies":[{"name":"wp","href":"https:\/\/api.w.org\/{rel}","templated":true}]}}